{"id":594,"date":"2025-05-20T21:45:17","date_gmt":"2025-05-20T21:45:17","guid":{"rendered":"https:\/\/autohunter.lt\/about-us\/"},"modified":"2025-07-02T12:05:43","modified_gmt":"2025-07-02T09:05:43","slug":"apie-mus","status":"publish","type":"page","link":"https:\/\/autohunter.lt\/en\/apie-mus\/","title":{"rendered":"About us"},"content":{"rendered":"<div data-elementor-type=\"wp-page\" data-elementor-id=\"594\" class=\"elementor elementor-594\" data-elementor-post-type=\"page\">\n\t\t\t\t<div class=\"elementor-element elementor-element-071f7e0 e-flex e-con-boxed e-con e-parent\" data-id=\"071f7e0\" data-element_type=\"container\" data-settings=\"{&quot;background_background&quot;:&quot;classic&quot;}\">\n\t\t\t\t\t<div class=\"e-con-inner\">\n\t\t\t\t<div class=\"elementor-element elementor-element-2c6f4b1 elementor-widget elementor-widget-image-box\" data-id=\"2c6f4b1\" data-element_type=\"widget\" data-widget_type=\"image-box.default\">\n\t\t\t\t<div class=\"elementor-widget-container\">\n\t\t\t\t\t<div class=\"elementor-image-box-wrapper\"><div class=\"elementor-image-box-content\"><h1 class=\"elementor-image-box-title\">About us<\/h1><p class=\"elementor-image-box-description\">We take care of your car as if it were our own<\/p><\/div><\/div>\t\t\t\t<\/div>\n\t\t\t\t<\/div>\n\t\t\t\t\t<\/div>\n\t\t\t\t<\/div>\n\t\t<div class=\"elementor-element elementor-element-8bceba8 e-flex e-con-boxed e-con e-parent\" data-id=\"8bceba8\" data-element_type=\"container\" data-settings=\"{&quot;background_background&quot;:&quot;classic&quot;}\">\n\t\t\t\t\t<div class=\"e-con-inner\">\n\t\t\t\t<div class=\"elementor-element elementor-element-c2477d7 elementor-widget elementor-widget-image-box\" data-id=\"c2477d7\" data-element_type=\"widget\" data-widget_type=\"image-box.default\">\n\t\t\t\t<div class=\"elementor-widget-container\">\n\t\t\t\t\t<div class=\"elementor-image-box-wrapper\"><div class=\"elementor-image-box-content\"><h2 class=\"elementor-image-box-title\">We are car sales professionals<\/h2><p class=\"elementor-image-box-description\">Your trust and transparent cooperation are our top priorities. We offer reliable, inspected cars with a clear history, help you choose the right one, handle all the paperwork, and ensure the purchase process is simple and secure. We work to make sure you are satisfied with your new car.\n\n<\/p><\/div><\/div>\t\t\t\t<\/div>\n\t\t\t\t<\/div>\n\t\t\t\t<div class=\"elementor-element elementor-element-ed7f4b4 elementor-widget elementor-widget-image\" data-id=\"ed7f4b4\" data-element_type=\"widget\" data-widget_type=\"image.default\">\n\t\t\t\t<div class=\"elementor-widget-container\">\n\t\t\t\t\t\t\t\t\t\t\t\t\t\t\t<img fetchpriority=\"high\" decoding=\"async\" width=\"1024\" height=\"768\" src=\"https:\/\/autohunter.lt\/wp-content\/uploads\/2025\/05\/a7-1024x768.webp\" class=\"attachment-large size-large wp-image-1492\" alt=\"\" srcset=\"https:\/\/autohunter.lt\/wp-content\/uploads\/2025\/05\/a7-1024x768.webp 1024w, https:\/\/autohunter.lt\/wp-content\/uploads\/2025\/05\/a7-300x225.webp 300w, https:\/\/autohunter.lt\/wp-content\/uploads\/2025\/05\/a7-768x576.webp 768w, https:\/\/autohunter.lt\/wp-content\/uploads\/2025\/05\/a7-1536x1152.webp 1536w, https:\/\/autohunter.lt\/wp-content\/uploads\/2025\/05\/a7-2048x1536.webp 2048w\" sizes=\"(max-width: 1024px) 100vw, 1024px\" \/>\t\t\t\t\t\t\t\t\t\t\t\t\t\t\t<\/div>\n\t\t\t\t<\/div>\n\t\t\t\t\t<\/div>\n\t\t\t\t<\/div>\n\t\t<div class=\"elementor-element elementor-element-c1878d7 e-flex e-con-boxed e-con e-parent\" data-id=\"c1878d7\" data-element_type=\"container\" data-settings=\"{&quot;background_background&quot;:&quot;classic&quot;}\">\n\t\t\t\t\t<div class=\"e-con-inner\">\n\t\t\t\t<div class=\"elementor-element elementor-element-fc0abf1 elementor-widget elementor-widget-image-box\" data-id=\"fc0abf1\" data-element_type=\"widget\" data-widget_type=\"image-box.default\">\n\t\t\t\t<div class=\"elementor-widget-container\">\n\t\t\t\t\t<div class=\"elementor-image-box-wrapper\"><div class=\"elementor-image-box-content\"><h2 class=\"elementor-image-box-title\">Why Choose Us?<\/h2><p class=\"elementor-image-box-description\">We don\u2019t just sell cars \u2013 we help people make the right decisions. Every car on our lot is thoroughly inspected, and every customer matters to us. We value transparency, honesty, and a professional approach to our work. Whether you\u2019re looking for your first car or upgrading your family vehicle, with us, you\u2019re always in good hands.\n\n<\/p><\/div><\/div>\t\t\t\t<\/div>\n\t\t\t\t<\/div>\n\t\t<div class=\"elementor-element elementor-element-76fbaff e-con-full e-flex e-con e-child\" data-id=\"76fbaff\" data-element_type=\"container\">\n\t\t<div class=\"elementor-element elementor-element-6ee184d e-con-full e-flex e-con e-child\" data-id=\"6ee184d\" data-element_type=\"container\">\n\t\t\t\t<div class=\"elementor-element elementor-element-fb5e25c elementor-widget elementor-widget-image-box\" data-id=\"fb5e25c\" data-element_type=\"widget\" data-widget_type=\"image-box.default\">\n\t\t\t\t<div class=\"elementor-widget-container\">\n\t\t\t\t\t<div class=\"elementor-image-box-wrapper\"><div class=\"elementor-image-box-content\"><h3 class=\"elementor-image-box-title\">1. Professionalism<\/h3><p class=\"elementor-image-box-description\">Our team consists of experienced specialists who take responsible care of every car and customer.\n\n<\/p><\/div><\/div>\t\t\t\t<\/div>\n\t\t\t\t<\/div>\n\t\t\t\t<\/div>\n\t\t<div class=\"elementor-element elementor-element-a8ac873 e-con-full e-flex e-con e-child\" data-id=\"a8ac873\" data-element_type=\"container\">\n\t\t\t\t<div class=\"elementor-element elementor-element-e139aa5 elementor-widget elementor-widget-image-box\" data-id=\"e139aa5\" data-element_type=\"widget\" data-widget_type=\"image-box.default\">\n\t\t\t\t<div class=\"elementor-widget-container\">\n\t\t\t\t\t<div class=\"elementor-image-box-wrapper\"><div class=\"elementor-image-box-content\"><h3 class=\"elementor-image-box-title\">2. Reliability<\/h3><p class=\"elementor-image-box-description\">We offer only carefully inspected cars with a clear history and a warranty.\n\n<\/p><\/div><\/div>\t\t\t\t<\/div>\n\t\t\t\t<\/div>\n\t\t\t\t<\/div>\n\t\t<div class=\"elementor-element elementor-element-3c8ddf9 e-con-full e-flex e-con e-child\" data-id=\"3c8ddf9\" data-element_type=\"container\">\n\t\t\t\t<div class=\"elementor-element elementor-element-963cdb9 elementor-widget elementor-widget-image-box\" data-id=\"963cdb9\" data-element_type=\"widget\" data-widget_type=\"image-box.default\">\n\t\t\t\t<div class=\"elementor-widget-container\">\n\t\t\t\t\t<div class=\"elementor-image-box-wrapper\"><div class=\"elementor-image-box-content\"><h3 class=\"elementor-image-box-title\">3. Customer Support<\/h3><p class=\"elementor-image-box-description\">We are always ready to answer your questions and help you make the best decision.\n\n<\/p><\/div><\/div>\t\t\t\t<\/div>\n\t\t\t\t<\/div>\n\t\t\t\t<\/div>\n\t\t\t\t<\/div>\n\t\t\t\t\t<\/div>\n\t\t\t\t<\/div>\n\t\t<div class=\"elementor-element elementor-element-3f6adcf elementor-hidden-desktop elementor-hidden-tablet elementor-hidden-mobile e-flex e-con-boxed e-con e-parent\" data-id=\"3f6adcf\" data-element_type=\"container\" data-settings=\"{&quot;background_background&quot;:&quot;classic&quot;}\">\n\t\t\t\t\t<div class=\"e-con-inner\">\n\t\t<div class=\"elementor-element elementor-element-59278ef e-con-full e-flex e-con e-child\" data-id=\"59278ef\" data-element_type=\"container\">\n\t\t<div class=\"elementor-element elementor-element-adf10b9 e-con-full e-flex e-con e-child\" data-id=\"adf10b9\" data-element_type=\"container\">\n\t\t\t\t<div class=\"elementor-element elementor-element-c37d006 elementor-widget elementor-widget-heading\" data-id=\"c37d006\" data-element_type=\"widget\" data-widget_type=\"heading.default\">\n\t\t\t\t<div class=\"elementor-widget-container\">\n\t\t\t\t\t<h6 class=\"elementor-heading-title elementor-size-default\">\u017diniasklaida<\/h6>\t\t\t\t<\/div>\n\t\t\t\t<\/div>\n\t\t\t\t<div class=\"elementor-element elementor-element-070aead elementor-widget-mobile__width-inherit elementor-widget elementor-widget-heading\" data-id=\"070aead\" data-element_type=\"widget\" data-widget_type=\"heading.default\">\n\t\t\t\t<div class=\"elementor-widget-container\">\n\t\t\t\t\t<h2 class=\"elementor-heading-title elementor-size-default\">Apie mus kalba<\/h2>\t\t\t\t<\/div>\n\t\t\t\t<\/div>\n\t\t\t\t<\/div>\n\t\t<div class=\"elementor-element elementor-element-68771d5 e-con-full e-flex e-con e-child\" data-id=\"68771d5\" data-element_type=\"container\">\n\t\t\t\t<div class=\"elementor-element elementor-element-92f0abf elementor-widget-mobile__width-inherit elementor-widget elementor-widget-heading\" data-id=\"92f0abf\" data-element_type=\"widget\" data-widget_type=\"heading.default\">\n\t\t\t\t<div class=\"elementor-widget-container\">\n\t\t\t\t\t<p class=\"elementor-heading-title elementor-size-default\">Kvie\u010diame susipa\u017einti su m\u016bs\u0173 pasirodymais spaudoje, portaluose ir kitose medijose.<\/p>\t\t\t\t<\/div>\n\t\t\t\t<\/div>\n\t\t\t\t<\/div>\n\t\t\t\t<\/div>\n\t\t<div class=\"elementor-element elementor-element-2a0ad1a e-con-full e-flex e-con e-child\" data-id=\"2a0ad1a\" data-element_type=\"container\">\n\t\t\t\t<div class=\"elementor-element elementor-element-ded2c6c elementor-widget elementor-widget-image-carousel\" data-id=\"ded2c6c\" data-element_type=\"widget\" data-settings=\"{&quot;slides_to_show&quot;:&quot;5&quot;,&quot;slides_to_show_tablet&quot;:&quot;4&quot;,&quot;slides_to_show_mobile&quot;:&quot;2&quot;,&quot;navigation&quot;:&quot;none&quot;,&quot;image_spacing_custom&quot;:{&quot;unit&quot;:&quot;px&quot;,&quot;size&quot;:100,&quot;sizes&quot;:[]},&quot;image_spacing_custom_tablet&quot;:{&quot;unit&quot;:&quot;px&quot;,&quot;size&quot;:30,&quot;sizes&quot;:[]},&quot;image_spacing_custom_mobile&quot;:{&quot;unit&quot;:&quot;px&quot;,&quot;size&quot;:40,&quot;sizes&quot;:[]},&quot;autoplay&quot;:&quot;yes&quot;,&quot;pause_on_hover&quot;:&quot;yes&quot;,&quot;pause_on_interaction&quot;:&quot;yes&quot;,&quot;autoplay_speed&quot;:5000,&quot;infinite&quot;:&quot;yes&quot;,&quot;speed&quot;:500}\" data-widget_type=\"image-carousel.default\">\n\t\t\t\t<div class=\"elementor-widget-container\">\n\t\t\t\t\t\t\t<div class=\"elementor-image-carousel-wrapper swiper\" role=\"region\" aria-roledescription=\"carousel\" aria-label=\"Image Carousel\" dir=\"ltr\">\n\t\t\t<div class=\"elementor-image-carousel swiper-wrapper\" aria-live=\"off\">\n\t\t\t\t\t\t\t\t<div class=\"swiper-slide\" role=\"group\" aria-roledescription=\"slide\" aria-label=\"1 of 3\"><figure class=\"swiper-slide-inner\"><img decoding=\"async\" class=\"swiper-slide-image\" src=\"https:\/\/autohunter.lt\/wp-content\/uploads\/2025\/05\/15_min.svg.png\" alt=\"15_min.svg\" \/><\/figure><\/div><div class=\"swiper-slide\" role=\"group\" aria-roledescription=\"slide\" aria-label=\"2 of 3\"><figure class=\"swiper-slide-inner\"><img decoding=\"async\" class=\"swiper-slide-image\" src=\"https:\/\/autohunter.lt\/wp-content\/uploads\/2025\/05\/Verslo_zinios_logo.jpg\" alt=\"Verslo_\u017einios_logo\" \/><\/figure><\/div><div class=\"swiper-slide\" role=\"group\" aria-roledescription=\"slide\" aria-label=\"3 of 3\"><figure class=\"swiper-slide-inner\"><img decoding=\"async\" class=\"swiper-slide-image\" src=\"https:\/\/autohunter.lt\/wp-content\/uploads\/2025\/05\/Delfi.png\" alt=\"Delfi\" \/><\/figure><\/div>\t\t\t<\/div>\n\t\t\t\t\t\t\t\n\t\t\t\t\t\t\t\t\t<\/div>\n\t\t\t\t\t\t<\/div>\n\t\t\t\t<\/div>\n\t\t\t\t<\/div>\n\t\t\t\t\t<\/div>\n\t\t\t\t<\/div>\n\t\t<div class=\"elementor-element elementor-element-5886094 e-con-full e-flex e-con e-parent\" data-id=\"5886094\" data-element_type=\"container\" data-settings=\"{&quot;background_background&quot;:&quot;classic&quot;}\">\n\t\t<div class=\"elementor-element elementor-element-0d69376 e-flex e-con-boxed e-con e-child\" data-id=\"0d69376\" data-element_type=\"container\">\n\t\t\t\t\t<div class=\"e-con-inner\">\n\t\t<div class=\"elementor-element elementor-element-bf0a6fd e-con-full e-flex e-con e-child\" data-id=\"bf0a6fd\" data-element_type=\"container\" data-settings=\"{&quot;background_background&quot;:&quot;classic&quot;}\">\n\t\t\t\t<div class=\"elementor-element elementor-element-a9dee03 elementor-widget elementor-widget-image-box\" data-id=\"a9dee03\" data-element_type=\"widget\" data-widget_type=\"image-box.default\">\n\t\t\t\t<div class=\"elementor-widget-container\">\n\t\t\t\t\t<div class=\"elementor-image-box-wrapper\"><div class=\"elementor-image-box-content\"><h2 class=\"elementor-image-box-title\">Would you like to schedule a consultation? <\/h2><p class=\"elementor-image-box-description\">Fill out the form \u2013 we\u2019ll respond as soon as possible and help you find the best solution. You can also contact us by phone or visit us in person! <a>+370 603 82 589<\/a>\n\n<\/p><\/div><\/div>\t\t\t\t<\/div>\n\t\t\t\t<\/div>\n\t\t\t\t<div class=\"elementor-element elementor-element-585cea9 elementor-tablet-button-align-center elementor-button-align-stretch elementor-widget elementor-widget-form\" data-id=\"585cea9\" data-element_type=\"widget\" data-settings=\"{&quot;step_next_label&quot;:&quot;Next&quot;,&quot;step_previous_label&quot;:&quot;Previous&quot;,&quot;button_width&quot;:&quot;100&quot;,&quot;step_type&quot;:&quot;number_text&quot;,&quot;step_icon_shape&quot;:&quot;circle&quot;}\" data-widget_type=\"form.default\">\n\t\t\t\t<div class=\"elementor-widget-container\">\n\t\t\t\t\t\t\t<form class=\"elementor-form\" method=\"post\" name=\"Contact Form\" action=\"\">\n\t\t\t<input type=\"hidden\" name=\"post_id\" value=\"594\"\/>\n\t\t\t<input type=\"hidden\" name=\"form_id\" value=\"585cea9\"\/>\n\t\t\t<input type=\"hidden\" name=\"referer_title\" value=\"Apie mus -\" \/>\n\n\t\t\t\t\t\t\t<input type=\"hidden\" name=\"queried_id\" value=\"594\"\/>\n\t\t\t\n\t\t\t<div class=\"elementor-form-fields-wrapper elementor-labels-\">\n\t\t\t\t\t\t\t\t<div class=\"elementor-field-type-email elementor-field-group elementor-column elementor-field-group-email elementor-col-50 elementor-field-required\">\n\t\t\t\t\t\t\t\t\t\t\t\t<label for=\"form-field-email\" class=\"elementor-field-label elementor-screen-only\">\n\t\t\t\t\t\t\t\tE-mail\t\t\t\t\t\t\t<\/label>\n\t\t\t\t\t\t\t\t\t\t\t\t\t\t<input size=\"1\" type=\"email\" name=\"form_fields[email]\" id=\"form-field-email\" class=\"elementor-field elementor-size-sm  elementor-field-textual\" placeholder=\"E-mail\" required=\"required\">\n\t\t\t\t\t\t\t\t\t\t\t<\/div>\n\t\t\t\t\t\t\t\t<div class=\"elementor-field-type-text elementor-field-group elementor-column elementor-field-group-field_6c180a9 elementor-col-50 elementor-field-required\">\n\t\t\t\t\t\t\t\t\t\t\t\t<label for=\"form-field-field_6c180a9\" class=\"elementor-field-label elementor-screen-only\">\n\t\t\t\t\t\t\t\tPhone\t\t\t\t\t\t\t<\/label>\n\t\t\t\t\t\t\t\t\t\t\t\t\t\t<input size=\"1\" type=\"text\" name=\"form_fields[field_6c180a9]\" id=\"form-field-field_6c180a9\" class=\"elementor-field elementor-size-sm  elementor-field-textual\" placeholder=\"Phone\" required=\"required\">\n\t\t\t\t\t\t\t\t\t\t\t<\/div>\n\t\t\t\t\t\t\t\t<div class=\"elementor-field-type-textarea elementor-field-group elementor-column elementor-field-group-message elementor-col-100\">\n\t\t\t\t\t\t\t\t\t\t\t\t<label for=\"form-field-message\" class=\"elementor-field-label elementor-screen-only\">\n\t\t\t\t\t\t\t\tHow we can help You?\t\t\t\t\t\t\t<\/label>\n\t\t\t\t\t\t<textarea class=\"elementor-field-textual elementor-field  elementor-size-sm\" name=\"form_fields[message]\" id=\"form-field-message\" rows=\"4\" placeholder=\"How we can help You?\"><\/textarea>\t\t\t\t<\/div>\n\t\t\t\t\t\t\t\t<div class=\"elementor-field-group elementor-column elementor-field-type-submit elementor-col-100 e-form__buttons\">\n\t\t\t\t\t<button class=\"elementor-button elementor-size-md\" type=\"submit\">\n\t\t\t\t\t\t<span class=\"elementor-button-content-wrapper\">\n\t\t\t\t\t\t\t\t\t\t\t\t\t\t\t\t\t\t\t\t\t\t<span class=\"elementor-button-text\">SEND<\/span>\n\t\t\t\t\t\t\t\t\t\t\t\t\t<\/span>\n\t\t\t\t\t<\/button>\n\t\t\t\t<\/div>\n\t\t\t<\/div>\n\t\t<input type=\"hidden\" name=\"trp-form-language\" value=\"en\"\/><\/form>\n\t\t\t\t\t\t<\/div>\n\t\t\t\t<\/div>\n\t\t\t\t<\/div>\n\t\t\t\t\t<\/div>\n\t\t\t\t<\/div>\n\t\t\t\t<\/div>\n\t\t\t\t<\/div>","protected":false},"excerpt":{"rendered":"<p>Apie mus R\u016bpinam\u0117s J\u016bs\u0173 automobiliu taip, lyg tai b\u016bt\u0173 m\u016bs\u0173 nuosavas Esame automobili\u0173 pardavimo profesionalai Mums svarbiausia \u2013 J\u016bs\u0173 pasitik\u0117jimas ir skaidrus bendradarbiavimas. Si\u016blome patikimus, patikrintus automobilius su ai\u0161kia istorija, padedame i\u0161sirinkti, sutvarkome visus dokumentus ir pasir\u016bpiname, kad pirkimo procesas b\u016bt\u0173 paprastas bei saugus. Dirbame tam, kad J\u016bs liktum\u0117te patenkinti savo nauju automobiliu. Kod\u0117l verta [&hellip;]<\/p>","protected":false},"author":1,"featured_media":0,"parent":0,"menu_order":0,"comment_status":"closed","ping_status":"closed","template":"","meta":{"site-sidebar-layout":"no-sidebar","site-content-layout":"page-builder","ast-site-content-layout":"full-width-container","site-content-style":"default","site-sidebar-style":"default","ast-global-header-display":"","ast-banner-title-visibility":"disabled","ast-main-header-display":"","ast-hfb-above-header-display":"","ast-hfb-below-header-display":"","ast-hfb-mobile-header-display":"","site-post-title":"disabled","ast-breadcrumbs-content":"","ast-featured-img":"disabled","footer-sml-layout":"","theme-transparent-header-meta":"enabled","adv-header-id-meta":"","stick-header-meta":"","header-above-stick-meta":"","header-main-stick-meta":"","header-below-stick-meta":"","astra-migrate-meta-layouts":"set","ast-page-background-enabled":"default","ast-page-background-meta":{"desktop":{"background-color":"var(--ast-global-color-4)","background-image":"","background-repeat":"repeat","background-position":"center center","background-size":"auto","background-attachment":"scroll","background-type":"","background-media":"","overlay-type":"","overlay-color":"","overlay-opacity":"","overlay-gradient":""},"tablet":{"background-color":"","background-image":"","background-repeat":"repeat","background-position":"center center","background-size":"auto","background-attachment":"scroll","background-type":"","background-media":"","overlay-type":"","overlay-color":"","overlay-opacity":"","overlay-gradient":""},"mobile":{"background-color":"","background-image":"","background-repeat":"repeat","background-position":"center center","background-size":"auto","background-attachment":"scroll","background-type":"","background-media":"","overlay-type":"","overlay-color":"","overlay-opacity":"","overlay-gradient":""}},"ast-content-background-meta":{"desktop":{"background-color":"var(--ast-global-color-5)","background-image":"","background-repeat":"repeat","background-position":"center center","background-size":"auto","background-attachment":"scroll","background-type":"","background-media":"","overlay-type":"","overlay-color":"","overlay-opacity":"","overlay-gradient":""},"tablet":{"background-color":"var(--ast-global-color-5)","background-image":"","background-repeat":"repeat","background-position":"center center","background-size":"auto","background-attachment":"scroll","background-type":"","background-media":"","overlay-type":"","overlay-color":"","overlay-opacity":"","overlay-gradient":""},"mobile":{"background-color":"var(--ast-global-color-5)","background-image":"","background-repeat":"repeat","background-position":"center center","background-size":"auto","background-attachment":"scroll","background-type":"","background-media":"","overlay-type":"","overlay-color":"","overlay-opacity":"","overlay-gradient":""}},"footnotes":""},"class_list":["post-594","page","type-page","status-publish","hentry"],"yoast_head":"<!-- This site is optimized with the Yoast SEO Premium plugin v22.4 (Yoast SEO v25.1) - https:\/\/yoast.com\/wordpress\/plugins\/seo\/ -->\n<title>Apie mus -<\/title>\n<meta name=\"robots\" content=\"index, follow, max-snippet:-1, max-image-preview:large, max-video-preview:-1\" \/>\n<link rel=\"canonical\" href=\"https:\/\/autohunter.lt\/en\/apie-mus\/\" \/>\n<meta property=\"og:locale\" content=\"en_GB\" \/>\n<meta property=\"og:type\" content=\"article\" \/>\n<meta property=\"og:title\" content=\"Apie mus\" \/>\n<meta property=\"og:description\" content=\"Apie mus R\u016bpinam\u0117s J\u016bs\u0173 automobiliu taip, lyg tai b\u016bt\u0173 m\u016bs\u0173 nuosavas Esame automobili\u0173 pardavimo profesionalai Mums svarbiausia \u2013 J\u016bs\u0173 pasitik\u0117jimas ir skaidrus bendradarbiavimas. Si\u016blome patikimus, patikrintus automobilius su ai\u0161kia istorija, padedame i\u0161sirinkti, sutvarkome visus dokumentus ir pasir\u016bpiname, kad pirkimo procesas b\u016bt\u0173 paprastas bei saugus. Dirbame tam, kad J\u016bs liktum\u0117te patenkinti savo nauju automobiliu. Kod\u0117l verta [&hellip;]\" \/>\n<meta property=\"og:url\" content=\"https:\/\/autohunter.lt\/en\/apie-mus\/\" \/>\n<meta property=\"article:modified_time\" content=\"2025-07-02T09:05:43+00:00\" \/>\n<meta property=\"og:image\" content=\"https:\/\/autohunter.lt\/wp-content\/uploads\/2025\/05\/a7-scaled.webp\" \/>\n\t<meta property=\"og:image:width\" content=\"2560\" \/>\n\t<meta property=\"og:image:height\" content=\"1920\" \/>\n\t<meta property=\"og:image:type\" content=\"image\/webp\" \/>\n<meta name=\"twitter:card\" content=\"summary_large_image\" \/>\n<meta name=\"twitter:label1\" content=\"Estimated reading time\" \/>\n\t<meta name=\"twitter:data1\" content=\"4 minutes\" \/>\n<script type=\"application\/ld+json\" class=\"yoast-schema-graph\">{\"@context\":\"https:\/\/schema.org\",\"@graph\":[{\"@type\":\"WebPage\",\"@id\":\"https:\/\/autohunter.lt\/apie-mus\/\",\"url\":\"https:\/\/autohunter.lt\/apie-mus\/\",\"name\":\"Apie mus -\",\"isPartOf\":{\"@id\":\"https:\/\/autohunter.lt\/#website\"},\"primaryImageOfPage\":{\"@id\":\"https:\/\/autohunter.lt\/apie-mus\/#primaryimage\"},\"image\":{\"@id\":\"https:\/\/autohunter.lt\/apie-mus\/#primaryimage\"},\"thumbnailUrl\":\"https:\/\/autohunter.lt\/wp-content\/uploads\/2025\/05\/a7-1024x768.webp\",\"datePublished\":\"2025-05-20T21:45:17+00:00\",\"dateModified\":\"2025-07-02T09:05:43+00:00\",\"breadcrumb\":{\"@id\":\"https:\/\/autohunter.lt\/apie-mus\/#breadcrumb\"},\"inLanguage\":\"en-GB\",\"potentialAction\":[{\"@type\":\"ReadAction\",\"target\":[\"https:\/\/autohunter.lt\/apie-mus\/\"]}]},{\"@type\":\"ImageObject\",\"inLanguage\":\"en-GB\",\"@id\":\"https:\/\/autohunter.lt\/apie-mus\/#primaryimage\",\"url\":\"https:\/\/autohunter.lt\/wp-content\/uploads\/2025\/05\/a7-1024x768.webp\",\"contentUrl\":\"https:\/\/autohunter.lt\/wp-content\/uploads\/2025\/05\/a7-1024x768.webp\"},{\"@type\":\"BreadcrumbList\",\"@id\":\"https:\/\/autohunter.lt\/apie-mus\/#breadcrumb\",\"itemListElement\":[{\"@type\":\"ListItem\",\"position\":1,\"name\":\"Home\",\"item\":\"https:\/\/autohunter.lt\/\"},{\"@type\":\"ListItem\",\"position\":2,\"name\":\"Apie mus\"}]},{\"@type\":\"WebSite\",\"@id\":\"https:\/\/autohunter.lt\/#website\",\"url\":\"https:\/\/autohunter.lt\/\",\"name\":\"\",\"description\":\"\",\"potentialAction\":[{\"@type\":\"SearchAction\",\"target\":{\"@type\":\"EntryPoint\",\"urlTemplate\":\"https:\/\/autohunter.lt\/?s={search_term_string}\"},\"query-input\":{\"@type\":\"PropertyValueSpecification\",\"valueRequired\":true,\"valueName\":\"search_term_string\"}}],\"inLanguage\":\"en-GB\"}]}<\/script>\n<!-- \/ Yoast SEO Premium plugin. -->","yoast_head_json":{"title":"Apie mus -","robots":{"index":"index","follow":"follow","max-snippet":"max-snippet:-1","max-image-preview":"max-image-preview:large","max-video-preview":"max-video-preview:-1"},"canonical":"https:\/\/autohunter.lt\/en\/apie-mus\/","og_locale":"en_GB","og_type":"article","og_title":"Apie mus","og_description":"Apie mus R\u016bpinam\u0117s J\u016bs\u0173 automobiliu taip, lyg tai b\u016bt\u0173 m\u016bs\u0173 nuosavas Esame automobili\u0173 pardavimo profesionalai Mums svarbiausia \u2013 J\u016bs\u0173 pasitik\u0117jimas ir skaidrus bendradarbiavimas. Si\u016blome patikimus, patikrintus automobilius su ai\u0161kia istorija, padedame i\u0161sirinkti, sutvarkome visus dokumentus ir pasir\u016bpiname, kad pirkimo procesas b\u016bt\u0173 paprastas bei saugus. Dirbame tam, kad J\u016bs liktum\u0117te patenkinti savo nauju automobiliu. Kod\u0117l verta [&hellip;]","og_url":"https:\/\/autohunter.lt\/en\/apie-mus\/","article_modified_time":"2025-07-02T09:05:43+00:00","og_image":[{"width":2560,"height":1920,"url":"https:\/\/autohunter.lt\/wp-content\/uploads\/2025\/05\/a7-scaled.webp","type":"image\/webp"}],"twitter_card":"summary_large_image","twitter_misc":{"Estimated reading time":"4 minutes"},"schema":{"@context":"https:\/\/schema.org","@graph":[{"@type":"WebPage","@id":"https:\/\/autohunter.lt\/apie-mus\/","url":"https:\/\/autohunter.lt\/apie-mus\/","name":"Apie mus -","isPartOf":{"@id":"https:\/\/autohunter.lt\/#website"},"primaryImageOfPage":{"@id":"https:\/\/autohunter.lt\/apie-mus\/#primaryimage"},"image":{"@id":"https:\/\/autohunter.lt\/apie-mus\/#primaryimage"},"thumbnailUrl":"https:\/\/autohunter.lt\/wp-content\/uploads\/2025\/05\/a7-1024x768.webp","datePublished":"2025-05-20T21:45:17+00:00","dateModified":"2025-07-02T09:05:43+00:00","breadcrumb":{"@id":"https:\/\/autohunter.lt\/apie-mus\/#breadcrumb"},"inLanguage":"en-GB","potentialAction":[{"@type":"ReadAction","target":["https:\/\/autohunter.lt\/apie-mus\/"]}]},{"@type":"ImageObject","inLanguage":"en-GB","@id":"https:\/\/autohunter.lt\/apie-mus\/#primaryimage","url":"https:\/\/autohunter.lt\/wp-content\/uploads\/2025\/05\/a7-1024x768.webp","contentUrl":"https:\/\/autohunter.lt\/wp-content\/uploads\/2025\/05\/a7-1024x768.webp"},{"@type":"BreadcrumbList","@id":"https:\/\/autohunter.lt\/apie-mus\/#breadcrumb","itemListElement":[{"@type":"ListItem","position":1,"name":"Home","item":"https:\/\/autohunter.lt\/"},{"@type":"ListItem","position":2,"name":"Apie mus"}]},{"@type":"WebSite","@id":"https:\/\/autohunter.lt\/#website","url":"https:\/\/autohunter.lt\/","name":"","description":"","potentialAction":[{"@type":"SearchAction","target":{"@type":"EntryPoint","urlTemplate":"https:\/\/autohunter.lt\/?s={search_term_string}"},"query-input":{"@type":"PropertyValueSpecification","valueRequired":true,"valueName":"search_term_string"}}],"inLanguage":"en-GB"}]}},"_links":{"self":[{"href":"https:\/\/autohunter.lt\/en\/wp-json\/wp\/v2\/pages\/594","targetHints":{"allow":["GET"]}}],"collection":[{"href":"https:\/\/autohunter.lt\/en\/wp-json\/wp\/v2\/pages"}],"about":[{"href":"https:\/\/autohunter.lt\/en\/wp-json\/wp\/v2\/types\/page"}],"author":[{"embeddable":true,"href":"https:\/\/autohunter.lt\/en\/wp-json\/wp\/v2\/users\/1"}],"replies":[{"embeddable":true,"href":"https:\/\/autohunter.lt\/en\/wp-json\/wp\/v2\/comments?post=594"}],"version-history":[{"count":19,"href":"https:\/\/autohunter.lt\/en\/wp-json\/wp\/v2\/pages\/594\/revisions"}],"predecessor-version":[{"id":1766,"href":"https:\/\/autohunter.lt\/en\/wp-json\/wp\/v2\/pages\/594\/revisions\/1766"}],"wp:attachment":[{"href":"https:\/\/autohunter.lt\/en\/wp-json\/wp\/v2\/media?parent=594"}],"curies":[{"name":"wp","href":"https:\/\/api.w.org\/{rel}","templated":true}]}}